{"id":15254,"date":"2015-04-09T14:51:58","date_gmt":"2015-04-09T14:51:58","guid":{"rendered":"http:\/\/demo.qodeinteractive.com\/bridge72\/?page_id=15254"},"modified":"2016-05-20T20:19:31","modified_gmt":"2016-05-20T18:19:31","slug":"a_propos_de_la_fete_de_la_musique_de_nyon","status":"publish","type":"page","link":"https:\/\/nyonmusique.ch\/site\/a_propos_de_la_fete_de_la_musique_de_nyon\/","title":{"rendered":"A propos"},"content":{"rendered":"<div class=\"wpb-content-wrapper\"><p>[vc_row row_type=\u00a0\u00bbrow\u00a0\u00bb use_row_as_full_screen_section=\u00a0\u00bbno\u00a0\u00bb type=\u00a0\u00bbfull_width\u00a0\u00bb angled_section=\u00a0\u00bbno\u00a0\u00bb text_align=\u00a0\u00bbleft\u00a0\u00bb background_image_as_pattern=\u00a0\u00bbwithout_pattern\u00a0\u00bb css_animation=\u00a0\u00bb\u00a0\u00bb][vc_column][vc_separator type=\u00a0\u00bbnormal\u00a0\u00bb][\/vc_column][\/vc_row][vc_row row_type=\u00a0\u00bbrow\u00a0\u00bb use_row_as_full_screen_section=\u00a0\u00bbno\u00a0\u00bb type=\u00a0\u00bbfull_width\u00a0\u00bb angled_section=\u00a0\u00bbno\u00a0\u00bb text_align=\u00a0\u00bbcenter\u00a0\u00bb background_image_as_pattern=\u00a0\u00bbwithout_pattern\u00a0\u00bb css_animation=\u00a0\u00bb\u00a0\u00bb][vc_column][vc_row_inner row_type=\u00a0\u00bbrow\u00a0\u00bb type=\u00a0\u00bbfull_width\u00a0\u00bb text_align=\u00a0\u00bbleft\u00a0\u00bb css_animation=\u00a0\u00bb\u00a0\u00bb][vc_column_inner width=\u00a0\u00bb1\/2&Prime;][vc_column_text]<\/p>\n<h2>Pr\u00e9sentation :<\/h2>\n<p>&nbsp;<\/p>\n<p>Initi\u00e9e par Jack Lang en 1982 en France, la F\u00eate de la Musique est rapidement adopt\u00e9e par d\u2019autre pays. La date officielle de la F\u00eate est le 21 juin, jour du solstice d\u2019\u00e9t\u00e9. Cette date symbolise l\u2019arriv\u00e9e du beau temps et l\u2019ouverture des festivit\u00e9s estivales. En Suisse, la F\u00eate de la Musique fait sa premi\u00e8re apparition \u00e0 Gen\u00e8ve au d\u00e9but des ann\u00e9e 1990.<\/p>\n<p>Nyon est la deuxi\u00e8me ville suisse \u00e0 l\u2019organiser en 1993.\u00a0 La F\u00eate de la Musique est alors organis\u00e9e par la ville de Nyon gr\u00e2ce au soutien d\u2019un groupe de b\u00e9n\u00e9voles assidus, et se d\u00e9roule durant le samedi le plus proche de la date officielle.<\/p>\n<p>Le public r\u00e9pond d\u2019embl\u00e9e pr\u00e9sent et s\u2019\u00e9largit d\u2019ann\u00e9e en ann\u00e9e. En effet, la F\u00eate de la Musique de Nyon est l\u2019occasion pour toute la C\u00f4te de se retrouver et de f\u00eater l\u2019arriv\u00e9e de l\u2019\u00e9t\u00e9 dans un cadre convivial et festif. Ainsi, des milliers de visiteurs parcourent les rues de la ville, s\u2019arr\u00eatant devant une sc\u00e8ne ou l\u2019autre, chacun concoctant son programme de la journ\u00e9e au gr\u00e9 des ses go\u00fbts et ses envies.<\/p>\n<p>Les musiciens, qu\u2019ils soient professionnels ou amateurs, sont invit\u00e9s \u00e0 venir se produire b\u00e9n\u00e9volement dans les rues et sur les places de la ville. Chaque ann\u00e9e, ce sont donc plus de 300 musiciens r\u00e9partis dans une cinquantaine de formations, qui animent les sc\u00e8nes de Nyon. Tous les genres musicaux sont repr\u00e9sent\u00e9s, de la Chorale au groupe de rock, de la fanfare \u00e0 la formation de jazz.<\/p>\n<p>Enfin, la F\u00eate de la Musique est une des rares manifestations musicales gratuites offerte au public de la r\u00e9gion.[\/vc_column_text][\/vc_column_inner][vc_column_inner width=\u00a0\u00bb1\/2&Prime;][vc_column_text]<\/p>\n<h2>Une Association aux commandes :<\/h2>\n<p>&nbsp;<\/p>\n<p>D\u00e8s l\u2019\u00e9dition 2010, une association est constitu\u00e9e pour assurer l\u2019organisation et le bon d\u00e9roulement de la F\u00eate. La ville reste impliqu\u00e9e financi\u00e8rement dans ce projet phare avec la volont\u00e9 \u00e0 moyen terme de voir l\u2019association devenir autonome avec l\u2019arriv\u00e9e de nouveaux membres dans son comit\u00e9.<\/p>\n<p>Apr\u00e8s quatre\u00a0\u00e9ditions, dont deux rendues difficiles en raison de mauvaises conditions m\u00e9t\u00e9orologiques, l\u2019\u00e9dition 2014 a connu un franc succ\u00e8s. La manifestation a atteint sa taille critique et l\u2019association a rempli ses objectifs:<\/p>\n<p>\u2013 Proposer une programmation coh\u00e9rente et vari\u00e9e au public<\/p>\n<p>\u2013 Am\u00e9liorer les conditions g\u00e9n\u00e9rales d\u2019accueil des musiciens et du public en proposant des sc\u00e8ne mieux \u00e9quip\u00e9es<\/p>\n<p>\u2013 Trouver un vrai centre \u00e0 la F\u00eate en installant une grande sc\u00e8ne \u00e0 la place du Ch\u00e2teau<\/p>\n<p>\u2013 Encourager les projets de cr\u00e9ation d\u2019artistes r\u00e9gionaux[\/vc_column_text][\/vc_column_inner][\/vc_row_inner][\/vc_column][\/vc_row]<\/p>\n<\/div>","protected":false},"excerpt":{"rendered":"<p>[vc_row row_type=\u00a0\u00bbrow\u00a0\u00bb use_row_as_full_screen_section=\u00a0\u00bbno\u00a0\u00bb type=\u00a0\u00bbfull_width\u00a0\u00bb angled_section=\u00a0\u00bbno\u00a0\u00bb text_align=\u00a0\u00bbleft\u00a0\u00bb background_image_as_pattern=\u00a0\u00bbwithout_pattern\u00a0\u00bb css_animation=\u00a0\u00bb\u00a0\u00bb][vc_column][vc_separator type=\u00a0\u00bbnormal\u00a0\u00bb][\/vc_column][\/vc_row][vc_row row_type=\u00a0\u00bbrow\u00a0\u00bb use_row_as_full_screen_section=\u00a0\u00bbno\u00a0\u00bb type=\u00a0\u00bbfull_width\u00a0\u00bb angled_section=\u00a0\u00bbno\u00a0\u00bb text_align=\u00a0\u00bbcenter\u00a0\u00bb background_image_as_pattern=\u00a0\u00bbwithout_pattern\u00a0\u00bb css_animation=\u00a0\u00bb\u00a0\u00bb][vc_column][vc_row_inner row_type=\u00a0\u00bbrow\u00a0\u00bb type=\u00a0\u00bbfull_width\u00a0\u00bb text_align=\u00a0\u00bbleft\u00a0\u00bb css_animation=\u00a0\u00bb\u00a0\u00bb][vc_column_inner width=\u00a0\u00bb1\/2&Prime;][vc_column_text] Pr\u00e9sentation : &nbsp; Initi\u00e9e par Jack Lang en 1982 en France, la F\u00eate de la Musique est rapidement adopt\u00e9e par d\u2019autre pays. La date&#8230;<\/p>\n","protected":false},"author":1,"featured_media":0,"parent":0,"menu_order":0,"comment_status":"open","ping_status":"open","template":"","meta":{"footnotes":""},"class_list":["post-15254","page","type-page","status-publish","hentry"],"yoast_head":"<!-- This site is optimized with the Yoast SEO plugin v26.9 - https:\/\/yoast.com\/product\/yoast-seo-wordpress\/ -->\n<title>A propos - Site de l&#039;Association de la F\u00eate de la musique de Nyon<\/title>\n<meta name=\"robots\" content=\"index, follow, max-snippet:-1, max-image-preview:large, max-video-preview:-1\" \/>\n<link rel=\"canonical\" href=\"https:\/\/nyonmusique.ch\/site\/a_propos_de_la_fete_de_la_musique_de_nyon\/\" \/>\n<meta property=\"og:locale\" content=\"fr_FR\" \/>\n<meta property=\"og:type\" content=\"article\" \/>\n<meta property=\"og:title\" content=\"A propos - Site de l&#039;Association de la F\u00eate de la musique de Nyon\" \/>\n<meta property=\"og:description\" content=\"[vc_row row_type=\u00a0\u00bbrow\u00a0\u00bb use_row_as_full_screen_section=\u00a0\u00bbno\u00a0\u00bb type=\u00a0\u00bbfull_width\u00a0\u00bb angled_section=\u00a0\u00bbno\u00a0\u00bb text_align=\u00a0\u00bbleft\u00a0\u00bb background_image_as_pattern=\u00a0\u00bbwithout_pattern\u00a0\u00bb css_animation=\u00a0\u00bb\u00a0\u00bb][vc_column][vc_separator type=\u00a0\u00bbnormal\u00a0\u00bb][\/vc_column][\/vc_row][vc_row row_type=\u00a0\u00bbrow\u00a0\u00bb use_row_as_full_screen_section=\u00a0\u00bbno\u00a0\u00bb type=\u00a0\u00bbfull_width\u00a0\u00bb angled_section=\u00a0\u00bbno\u00a0\u00bb text_align=\u00a0\u00bbcenter\u00a0\u00bb background_image_as_pattern=\u00a0\u00bbwithout_pattern\u00a0\u00bb css_animation=\u00a0\u00bb\u00a0\u00bb][vc_column][vc_row_inner row_type=\u00a0\u00bbrow\u00a0\u00bb type=\u00a0\u00bbfull_width\u00a0\u00bb text_align=\u00a0\u00bbleft\u00a0\u00bb css_animation=\u00a0\u00bb\u00a0\u00bb][vc_column_inner width=\u00a0\u00bb1\/2&Prime;][vc_column_text] Pr\u00e9sentation : &nbsp; Initi\u00e9e par Jack Lang en 1982 en France, la F\u00eate de la Musique est rapidement adopt\u00e9e par d\u2019autre pays. La date...\" \/>\n<meta property=\"og:url\" content=\"https:\/\/nyonmusique.ch\/site\/a_propos_de_la_fete_de_la_musique_de_nyon\/\" \/>\n<meta property=\"og:site_name\" content=\"Site de l&#039;Association de la F\u00eate de la musique de Nyon\" \/>\n<meta property=\"article:publisher\" content=\"https:\/\/www.facebook.com\/FeteDeLaMusiqueNyon\" \/>\n<meta property=\"article:modified_time\" content=\"2016-05-20T18:19:31+00:00\" \/>\n<meta name=\"twitter:card\" content=\"summary_large_image\" \/>\n<meta name=\"twitter:label1\" content=\"Dur\u00e9e de lecture estim\u00e9e\" \/>\n\t<meta name=\"twitter:data1\" content=\"3 minutes\" \/>\n<script type=\"application\/ld+json\" class=\"yoast-schema-graph\">{\"@context\":\"https:\/\/schema.org\",\"@graph\":[{\"@type\":\"WebPage\",\"@id\":\"https:\/\/nyonmusique.ch\/site\/a_propos_de_la_fete_de_la_musique_de_nyon\/\",\"url\":\"https:\/\/nyonmusique.ch\/site\/a_propos_de_la_fete_de_la_musique_de_nyon\/\",\"name\":\"A propos - Site de l&#039;Association de la F\u00eate de la musique de Nyon\",\"isPartOf\":{\"@id\":\"https:\/\/nyonmusique.ch\/site\/#website\"},\"datePublished\":\"2015-04-09T14:51:58+00:00\",\"dateModified\":\"2016-05-20T18:19:31+00:00\",\"breadcrumb\":{\"@id\":\"https:\/\/nyonmusique.ch\/site\/a_propos_de_la_fete_de_la_musique_de_nyon\/#breadcrumb\"},\"inLanguage\":\"fr-FR\",\"potentialAction\":[{\"@type\":\"ReadAction\",\"target\":[\"https:\/\/nyonmusique.ch\/site\/a_propos_de_la_fete_de_la_musique_de_nyon\/\"]}]},{\"@type\":\"BreadcrumbList\",\"@id\":\"https:\/\/nyonmusique.ch\/site\/a_propos_de_la_fete_de_la_musique_de_nyon\/#breadcrumb\",\"itemListElement\":[{\"@type\":\"ListItem\",\"position\":1,\"name\":\"Accueil\",\"item\":\"https:\/\/nyonmusique.ch\/site\/\"},{\"@type\":\"ListItem\",\"position\":2,\"name\":\"A propos\"}]},{\"@type\":\"WebSite\",\"@id\":\"https:\/\/nyonmusique.ch\/site\/#website\",\"url\":\"https:\/\/nyonmusique.ch\/site\/\",\"name\":\"Site de l'Association de la F\u00eate de la musique de Nyon\",\"description\":\"Samedi 22 juin 2024 dans toute la ville de Nyon\",\"publisher\":{\"@id\":\"https:\/\/nyonmusique.ch\/site\/#organization\"},\"potentialAction\":[{\"@type\":\"SearchAction\",\"target\":{\"@type\":\"EntryPoint\",\"urlTemplate\":\"https:\/\/nyonmusique.ch\/site\/?s={search_term_string}\"},\"query-input\":{\"@type\":\"PropertyValueSpecification\",\"valueRequired\":true,\"valueName\":\"search_term_string\"}}],\"inLanguage\":\"fr-FR\"},{\"@type\":\"Organization\",\"@id\":\"https:\/\/nyonmusique.ch\/site\/#organization\",\"name\":\"Site de l'Association de la F\u00eate de la musique de Nyon\",\"url\":\"https:\/\/nyonmusique.ch\/site\/\",\"logo\":{\"@type\":\"ImageObject\",\"inLanguage\":\"fr-FR\",\"@id\":\"https:\/\/nyonmusique.ch\/site\/#\/schema\/logo\/image\/\",\"url\":\"https:\/\/nyonmusique.ch\/site\/wp-content\/uploads\/2024\/05\/Logo_FDLM_NYON_Couleur_RVB_300.png\",\"contentUrl\":\"https:\/\/nyonmusique.ch\/site\/wp-content\/uploads\/2024\/05\/Logo_FDLM_NYON_Couleur_RVB_300.png\",\"width\":300,\"height\":346,\"caption\":\"Site de l'Association de la F\u00eate de la musique de Nyon\"},\"image\":{\"@id\":\"https:\/\/nyonmusique.ch\/site\/#\/schema\/logo\/image\/\"},\"sameAs\":[\"https:\/\/www.facebook.com\/FeteDeLaMusiqueNyon\",\"https:\/\/www.instagram.com\/fetedelamusiquedenyon\/\"]}]}<\/script>\n<!-- \/ Yoast SEO plugin. -->","yoast_head_json":{"title":"A propos - Site de l&#039;Association de la F\u00eate de la musique de Nyon","robots":{"index":"index","follow":"follow","max-snippet":"max-snippet:-1","max-image-preview":"max-image-preview:large","max-video-preview":"max-video-preview:-1"},"canonical":"https:\/\/nyonmusique.ch\/site\/a_propos_de_la_fete_de_la_musique_de_nyon\/","og_locale":"fr_FR","og_type":"article","og_title":"A propos - Site de l&#039;Association de la F\u00eate de la musique de Nyon","og_description":"[vc_row row_type=\u00a0\u00bbrow\u00a0\u00bb use_row_as_full_screen_section=\u00a0\u00bbno\u00a0\u00bb type=\u00a0\u00bbfull_width\u00a0\u00bb angled_section=\u00a0\u00bbno\u00a0\u00bb text_align=\u00a0\u00bbleft\u00a0\u00bb background_image_as_pattern=\u00a0\u00bbwithout_pattern\u00a0\u00bb css_animation=\u00a0\u00bb\u00a0\u00bb][vc_column][vc_separator type=\u00a0\u00bbnormal\u00a0\u00bb][\/vc_column][\/vc_row][vc_row row_type=\u00a0\u00bbrow\u00a0\u00bb use_row_as_full_screen_section=\u00a0\u00bbno\u00a0\u00bb type=\u00a0\u00bbfull_width\u00a0\u00bb angled_section=\u00a0\u00bbno\u00a0\u00bb text_align=\u00a0\u00bbcenter\u00a0\u00bb background_image_as_pattern=\u00a0\u00bbwithout_pattern\u00a0\u00bb css_animation=\u00a0\u00bb\u00a0\u00bb][vc_column][vc_row_inner row_type=\u00a0\u00bbrow\u00a0\u00bb type=\u00a0\u00bbfull_width\u00a0\u00bb text_align=\u00a0\u00bbleft\u00a0\u00bb css_animation=\u00a0\u00bb\u00a0\u00bb][vc_column_inner width=\u00a0\u00bb1\/2&Prime;][vc_column_text] Pr\u00e9sentation : &nbsp; Initi\u00e9e par Jack Lang en 1982 en France, la F\u00eate de la Musique est rapidement adopt\u00e9e par d\u2019autre pays. La date...","og_url":"https:\/\/nyonmusique.ch\/site\/a_propos_de_la_fete_de_la_musique_de_nyon\/","og_site_name":"Site de l&#039;Association de la F\u00eate de la musique de Nyon","article_publisher":"https:\/\/www.facebook.com\/FeteDeLaMusiqueNyon","article_modified_time":"2016-05-20T18:19:31+00:00","twitter_card":"summary_large_image","twitter_misc":{"Dur\u00e9e de lecture estim\u00e9e":"3 minutes"},"schema":{"@context":"https:\/\/schema.org","@graph":[{"@type":"WebPage","@id":"https:\/\/nyonmusique.ch\/site\/a_propos_de_la_fete_de_la_musique_de_nyon\/","url":"https:\/\/nyonmusique.ch\/site\/a_propos_de_la_fete_de_la_musique_de_nyon\/","name":"A propos - Site de l&#039;Association de la F\u00eate de la musique de Nyon","isPartOf":{"@id":"https:\/\/nyonmusique.ch\/site\/#website"},"datePublished":"2015-04-09T14:51:58+00:00","dateModified":"2016-05-20T18:19:31+00:00","breadcrumb":{"@id":"https:\/\/nyonmusique.ch\/site\/a_propos_de_la_fete_de_la_musique_de_nyon\/#breadcrumb"},"inLanguage":"fr-FR","potentialAction":[{"@type":"ReadAction","target":["https:\/\/nyonmusique.ch\/site\/a_propos_de_la_fete_de_la_musique_de_nyon\/"]}]},{"@type":"BreadcrumbList","@id":"https:\/\/nyonmusique.ch\/site\/a_propos_de_la_fete_de_la_musique_de_nyon\/#breadcrumb","itemListElement":[{"@type":"ListItem","position":1,"name":"Accueil","item":"https:\/\/nyonmusique.ch\/site\/"},{"@type":"ListItem","position":2,"name":"A propos"}]},{"@type":"WebSite","@id":"https:\/\/nyonmusique.ch\/site\/#website","url":"https:\/\/nyonmusique.ch\/site\/","name":"Site de l'Association de la F\u00eate de la musique de Nyon","description":"Samedi 22 juin 2024 dans toute la ville de Nyon","publisher":{"@id":"https:\/\/nyonmusique.ch\/site\/#organization"},"potentialAction":[{"@type":"SearchAction","target":{"@type":"EntryPoint","urlTemplate":"https:\/\/nyonmusique.ch\/site\/?s={search_term_string}"},"query-input":{"@type":"PropertyValueSpecification","valueRequired":true,"valueName":"search_term_string"}}],"inLanguage":"fr-FR"},{"@type":"Organization","@id":"https:\/\/nyonmusique.ch\/site\/#organization","name":"Site de l'Association de la F\u00eate de la musique de Nyon","url":"https:\/\/nyonmusique.ch\/site\/","logo":{"@type":"ImageObject","inLanguage":"fr-FR","@id":"https:\/\/nyonmusique.ch\/site\/#\/schema\/logo\/image\/","url":"https:\/\/nyonmusique.ch\/site\/wp-content\/uploads\/2024\/05\/Logo_FDLM_NYON_Couleur_RVB_300.png","contentUrl":"https:\/\/nyonmusique.ch\/site\/wp-content\/uploads\/2024\/05\/Logo_FDLM_NYON_Couleur_RVB_300.png","width":300,"height":346,"caption":"Site de l'Association de la F\u00eate de la musique de Nyon"},"image":{"@id":"https:\/\/nyonmusique.ch\/site\/#\/schema\/logo\/image\/"},"sameAs":["https:\/\/www.facebook.com\/FeteDeLaMusiqueNyon","https:\/\/www.instagram.com\/fetedelamusiquedenyon\/"]}]}},"_links":{"self":[{"href":"https:\/\/nyonmusique.ch\/site\/wp-json\/wp\/v2\/pages\/15254","targetHints":{"allow":["GET"]}}],"collection":[{"href":"https:\/\/nyonmusique.ch\/site\/wp-json\/wp\/v2\/pages"}],"about":[{"href":"https:\/\/nyonmusique.ch\/site\/wp-json\/wp\/v2\/types\/page"}],"author":[{"embeddable":true,"href":"https:\/\/nyonmusique.ch\/site\/wp-json\/wp\/v2\/users\/1"}],"replies":[{"embeddable":true,"href":"https:\/\/nyonmusique.ch\/site\/wp-json\/wp\/v2\/comments?post=15254"}],"version-history":[{"count":10,"href":"https:\/\/nyonmusique.ch\/site\/wp-json\/wp\/v2\/pages\/15254\/revisions"}],"predecessor-version":[{"id":15605,"href":"https:\/\/nyonmusique.ch\/site\/wp-json\/wp\/v2\/pages\/15254\/revisions\/15605"}],"wp:attachment":[{"href":"https:\/\/nyonmusique.ch\/site\/wp-json\/wp\/v2\/media?parent=15254"}],"curies":[{"name":"wp","href":"https:\/\/api.w.org\/{rel}","templated":true}]}}